{"id":26,"date":"2024-05-29T09:53:28","date_gmt":"2024-05-29T07:53:28","guid":{"rendered":"https:\/\/www.juliedeschoenmaekers.be\/ExamCMS\/?page_id=26"},"modified":"2024-06-11T15:49:34","modified_gmt":"2024-06-11T13:49:34","slug":"public","status":"publish","type":"page","link":"https:\/\/www.juliedeschoenmaekers.be\/ExamCMS\/public\/","title":{"rendered":"Public"},"content":{"rendered":"\t\t<div data-elementor-type=\"wp-page\" data-elementor-id=\"26\" class=\"elementor elementor-26\">\n\t\t\t\t<div class=\"elementor-element elementor-element-ca34c97 e-flex e-con-boxed e-con e-parent\" data-id=\"ca34c97\" data-element_type=\"container\">\n\t\t\t\t\t<div class=\"e-con-inner\">\n\t\t\t\t<div class=\"elementor-element elementor-element-82b96a5 elementor-widget elementor-widget-heading\" data-id=\"82b96a5\" data-element_type=\"widget\" data-widget_type=\"heading.default\">\n\t\t\t\t<div class=\"elementor-widget-container\">\n\t\t\t<style>\/*! elementor - v3.21.0 - 26-05-2024 *\/\n.elementor-heading-title{padding:0;margin:0;line-height:1}.elementor-widget-heading .elementor-heading-title[class*=elementor-size-]>a{color:inherit;font-size:inherit;line-height:inherit}.elementor-widget-heading .elementor-heading-title.elementor-size-small{font-size:15px}.elementor-widget-heading .elementor-heading-title.elementor-size-medium{font-size:19px}.elementor-widget-heading .elementor-heading-title.elementor-size-large{font-size:29px}.elementor-widget-heading .elementor-heading-title.elementor-size-xl{font-size:39px}.elementor-widget-heading .elementor-heading-title.elementor-size-xxl{font-size:59px}<\/style><h1 class=\"elementor-heading-title elementor-size-default\">Public<\/h1>\t\t<\/div>\n\t\t\t\t<\/div>\n\t\t\t\t\t<\/div>\n\t\t\t\t<\/div>\n\t\t<div class=\"elementor-element elementor-element-fd4b2f1 e-flex e-con-boxed e-con e-parent\" data-id=\"fd4b2f1\" data-element_type=\"container\">\n\t\t\t\t\t<div class=\"e-con-inner\">\n\t\t<div class=\"elementor-element elementor-element-b525895 e-con-full e-flex e-con e-child\" data-id=\"b525895\" data-element_type=\"container\">\n\t\t\t\t<div class=\"elementor-element elementor-element-66bcb35 elementor-widget elementor-widget-text-editor\" data-id=\"66bcb35\" data-element_type=\"widget\" data-widget_type=\"text-editor.default\">\n\t\t\t\t<div class=\"elementor-widget-container\">\n\t\t\t<style>\/*! elementor - v3.21.0 - 26-05-2024 *\/\n.elementor-widget-text-editor.elementor-drop-cap-view-stacked .elementor-drop-cap{background-color:#69727d;color:#fff}.elementor-widget-text-editor.elementor-drop-cap-view-framed .elementor-drop-cap{color:#69727d;border:3px solid;background-color:transparent}.elementor-widget-text-editor:not(.elementor-drop-cap-view-default) .elementor-drop-cap{margin-top:8px}.elementor-widget-text-editor:not(.elementor-drop-cap-view-default) .elementor-drop-cap-letter{width:1em;height:1em}.elementor-widget-text-editor .elementor-drop-cap{float:left;text-align:center;line-height:1;font-size:50px}.elementor-widget-text-editor .elementor-drop-cap-letter{display:inline-block}<\/style>\t\t\t\t<p>Inductance est fier de soutenir les initiatives publiques en mati\u00e8re de performance \u00e9nerg\u00e9tique en R\u00e9gion wallonne. Nous proposons des services sp\u00e9cialis\u00e9s pour les b\u00e2timents publics, visant \u00e0 am\u00e9liorer leur efficacit\u00e9 \u00e9nerg\u00e9tique et \u00e0 promouvoir des pratiques durables.<\/p>\t\t\t\t\t\t<\/div>\n\t\t\t\t<\/div>\n\t\t\t\t<\/div>\n\t\t<div class=\"elementor-element elementor-element-0fd06c8 e-con-full e-flex e-con e-child\" data-id=\"0fd06c8\" data-element_type=\"container\">\n\t\t\t\t<div class=\"elementor-element elementor-element-c0eba52 elementor-widget elementor-widget-image\" data-id=\"c0eba52\" data-element_type=\"widget\" data-widget_type=\"image.default\">\n\t\t\t\t<div class=\"elementor-widget-container\">\n\t\t\t<style>\/*! elementor - v3.21.0 - 26-05-2024 *\/\n.elementor-widget-image{text-align:center}.elementor-widget-image a{display:inline-block}.elementor-widget-image a img[src$=\".svg\"]{width:48px}.elementor-widget-image img{vertical-align:middle;display:inline-block}<\/style>\t\t\t\t\t\t\t\t\t\t<img fetchpriority=\"high\" decoding=\"async\" width=\"463\" height=\"335\" src=\"https:\/\/www.juliedeschoenmaekers.be\/ExamCMS\/wp-content\/uploads\/2024\/05\/cropped-cropped-logo_inductance_couleur-1.png\" class=\"attachment-large size-large wp-image-170\" alt=\"logo inductance sans texte\" srcset=\"https:\/\/www.juliedeschoenmaekers.be\/ExamCMS\/wp-content\/uploads\/2024\/05\/cropped-cropped-logo_inductance_couleur-1.png 463w, https:\/\/www.juliedeschoenmaekers.be\/ExamCMS\/wp-content\/uploads\/2024\/05\/cropped-cropped-logo_inductance_couleur-1-300x217.png 300w\" sizes=\"(max-width: 463px) 100vw, 463px\" \/>\t\t\t\t\t\t\t\t\t\t\t\t\t<\/div>\n\t\t\t\t<\/div>\n\t\t\t\t<\/div>\n\t\t\t\t\t<\/div>\n\t\t\t\t<\/div>\n\t\t<div class=\"elementor-element elementor-element-bad2897 e-flex e-con-boxed e-con e-parent\" data-id=\"bad2897\" data-element_type=\"container\">\n\t\t\t\t\t<div class=\"e-con-inner\">\n\t\t\t\t<div class=\"elementor-element elementor-element-c057a4d elementor-widget elementor-widget-heading\" data-id=\"c057a4d\" data-element_type=\"widget\" data-widget_type=\"heading.default\">\n\t\t\t\t<div class=\"elementor-widget-container\">\n\t\t\t<h2 class=\"elementor-heading-title elementor-size-default\">Nos Services pour le Public :<\/h2>\t\t<\/div>\n\t\t\t\t<\/div>\n\t\t\t\t\t<\/div>\n\t\t\t\t<\/div>\n\t\t<div class=\"elementor-element elementor-element-0efe5d5 e-flex e-con-boxed e-con e-parent\" data-id=\"0efe5d5\" data-element_type=\"container\">\n\t\t\t\t\t<div class=\"e-con-inner\">\n\t\t<div class=\"elementor-element elementor-element-fe47739 e-con-full e-flex e-con e-child\" data-id=\"fe47739\" data-element_type=\"container\">\n\t\t\t\t<div class=\"elementor-element elementor-element-1c71d44 elementor-view-default elementor-widget elementor-widget-icon\" data-id=\"1c71d44\" data-element_type=\"widget\" data-widget_type=\"icon.default\">\n\t\t\t\t<div class=\"elementor-widget-container\">\n\t\t\t\t\t<div class=\"elementor-icon-wrapper\">\n\t\t\t<div class=\"elementor-icon\">\n\t\t\t<svg aria-hidden=\"true\" class=\"e-font-icon-svg e-fas-certificate\" viewBox=\"0 0 512 512\" xmlns=\"http:\/\/www.w3.org\/2000\/svg\"><path d=\"M458.622 255.92l45.985-45.005c13.708-12.977 7.316-36.039-10.664-40.339l-62.65-15.99 17.661-62.015c4.991-17.838-11.829-34.663-29.661-29.671l-61.994 17.667-15.984-62.671C337.085.197 313.765-6.276 300.99 7.228L256 53.57 211.011 7.229c-12.63-13.351-36.047-7.234-40.325 10.668l-15.984 62.671-61.995-17.667C74.87 57.907 58.056 74.738 63.046 92.572l17.661 62.015-62.65 15.99C.069 174.878-6.31 197.944 7.392 210.915l45.985 45.005-45.985 45.004c-13.708 12.977-7.316 36.039 10.664 40.339l62.65 15.99-17.661 62.015c-4.991 17.838 11.829 34.663 29.661 29.671l61.994-17.667 15.984 62.671c4.439 18.575 27.696 24.018 40.325 10.668L256 458.61l44.989 46.001c12.5 13.488 35.987 7.486 40.325-10.668l15.984-62.671 61.994 17.667c17.836 4.994 34.651-11.837 29.661-29.671l-17.661-62.015 62.65-15.99c17.987-4.302 24.366-27.367 10.664-40.339l-45.984-45.004z\"><\/path><\/svg>\t\t\t<\/div>\n\t\t<\/div>\n\t\t\t\t<\/div>\n\t\t\t\t<\/div>\n\t\t\t\t<div class=\"elementor-element elementor-element-8513994 elementor-widget elementor-widget-text-editor\" data-id=\"8513994\" data-element_type=\"widget\" data-widget_type=\"text-editor.default\">\n\t\t\t\t<div class=\"elementor-widget-container\">\n\t\t\t\t\t\t\t<h5><span style=\"color: #1fa168;\"><strong>Certificat PEB de B\u00e2timent Public<\/strong> :<\/span>\u00a0<\/h5><p>Obtenez un certificat PEB pour vos b\u00e2timents publics, garantissant leur conformit\u00e9 aux normes \u00e9nerg\u00e9tiques en vigueur et contribuant \u00e0 leur performance \u00e9nerg\u00e9tique.<\/p>\t\t\t\t\t\t<\/div>\n\t\t\t\t<\/div>\n\t\t\t\t<div class=\"elementor-element elementor-element-5692604 elementor-widget elementor-widget-heading\" data-id=\"5692604\" data-element_type=\"widget\" data-widget_type=\"heading.default\">\n\t\t\t\t<div class=\"elementor-widget-container\">\n\t\t\t<h3 class=\"elementor-heading-title elementor-size-default\">\"Tarifs\"\u20ac<\/h3>\t\t<\/div>\n\t\t\t\t<\/div>\n\t\t\t\t<\/div>\n\t\t<div class=\"elementor-element elementor-element-7842d91 e-con-full e-flex e-con e-child\" data-id=\"7842d91\" data-element_type=\"container\">\n\t\t\t\t<div class=\"elementor-element elementor-element-ab3c448 elementor-view-default elementor-widget elementor-widget-icon\" data-id=\"ab3c448\" data-element_type=\"widget\" data-widget_type=\"icon.default\">\n\t\t\t\t<div class=\"elementor-widget-container\">\n\t\t\t\t\t<div class=\"elementor-icon-wrapper\">\n\t\t\t<div class=\"elementor-icon\">\n\t\t\t<svg aria-hidden=\"true\" class=\"e-font-icon-svg e-fas-home\" viewBox=\"0 0 576 512\" xmlns=\"http:\/\/www.w3.org\/2000\/svg\"><path d=\"M280.37 148.26L96 300.11V464a16 16 0 0 0 16 16l112.06-.29a16 16 0 0 0 15.92-16V368a16 16 0 0 1 16-16h64a16 16 0 0 1 16 16v95.64a16 16 0 0 0 16 16.05L464 480a16 16 0 0 0 16-16V300L295.67 148.26a12.19 12.19 0 0 0-15.3 0zM571.6 251.47L488 182.56V44.05a12 12 0 0 0-12-12h-56a12 12 0 0 0-12 12v72.61L318.47 43a48 48 0 0 0-61 0L4.34 251.47a12 12 0 0 0-1.6 16.9l25.5 31A12 12 0 0 0 45.15 301l235.22-193.74a12.19 12.19 0 0 1 15.3 0L530.9 301a12 12 0 0 0 16.9-1.6l25.5-31a12 12 0 0 0-1.7-16.93z\"><\/path><\/svg>\t\t\t<\/div>\n\t\t<\/div>\n\t\t\t\t<\/div>\n\t\t\t\t<\/div>\n\t\t\t\t<div class=\"elementor-element elementor-element-f09e6b5 elementor-widget elementor-widget-text-editor\" data-id=\"f09e6b5\" data-element_type=\"widget\" data-widget_type=\"text-editor.default\">\n\t\t\t\t<div class=\"elementor-widget-container\">\n\t\t\t\t\t\t\t<h5><span style=\"color: #1fa168;\"><strong>Audit UREBA<\/strong> :\u00a0<\/span><\/h5><p>R\u00e9alisez un audit \u00e9nerg\u00e9tique complet de vos b\u00e2timents publics avec notre service UREBA, identifiez les mesures d&rsquo;am\u00e9lioration possibles et b\u00e9n\u00e9ficiez des subventions disponibles pour financer vos projets d&rsquo;efficacit\u00e9 \u00e9nerg\u00e9tique.<\/p>\t\t\t\t\t\t<\/div>\n\t\t\t\t<\/div>\n\t\t\t\t<div class=\"elementor-element elementor-element-b171dd8 elementor-widget elementor-widget-heading\" data-id=\"b171dd8\" data-element_type=\"widget\" data-widget_type=\"heading.default\">\n\t\t\t\t<div class=\"elementor-widget-container\">\n\t\t\t<h3 class=\"elementor-heading-title elementor-size-default\">\"Tarifs\"\u20ac<\/h3>\t\t<\/div>\n\t\t\t\t<\/div>\n\t\t\t\t<\/div>\n\t\t\t\t\t<\/div>\n\t\t\t\t<\/div>\n\t\t<div class=\"elementor-element elementor-element-3089e96 e-flex e-con-boxed e-con e-parent\" data-id=\"3089e96\" data-element_type=\"container\">\n\t\t\t\t\t<div class=\"e-con-inner\">\n\t\t\t\t<div class=\"elementor-element elementor-element-46085f6 elementor-widget-divider--view-line elementor-widget elementor-widget-divider\" data-id=\"46085f6\" data-element_type=\"widget\" data-widget_type=\"divider.default\">\n\t\t\t\t<div class=\"elementor-widget-container\">\n\t\t\t<style>\/*! elementor - v3.21.0 - 26-05-2024 *\/\n.elementor-widget-divider{--divider-border-style:none;--divider-border-width:1px;--divider-color:#0c0d0e;--divider-icon-size:20px;--divider-element-spacing:10px;--divider-pattern-height:24px;--divider-pattern-size:20px;--divider-pattern-url:none;--divider-pattern-repeat:repeat-x}.elementor-widget-divider .elementor-divider{display:flex}.elementor-widget-divider .elementor-divider__text{font-size:15px;line-height:1;max-width:95%}.elementor-widget-divider .elementor-divider__element{margin:0 var(--divider-element-spacing);flex-shrink:0}.elementor-widget-divider .elementor-icon{font-size:var(--divider-icon-size)}.elementor-widget-divider .elementor-divider-separator{display:flex;margin:0;direction:ltr}.elementor-widget-divider--view-line_icon .elementor-divider-separator,.elementor-widget-divider--view-line_text .elementor-divider-separator{align-items:center}.elementor-widget-divider--view-line_icon .elementor-divider-separator:after,.elementor-widget-divider--view-line_icon .elementor-divider-separator:before,.elementor-widget-divider--view-line_text .elementor-divider-separator:after,.elementor-widget-divider--view-line_text .elementor-divider-separator:before{display:block;content:\"\";border-block-end:0;flex-grow:1;border-block-start:var(--divider-border-width) var(--divider-border-style) var(--divider-color)}.elementor-widget-divider--element-align-left .elementor-divider .elementor-divider-separator>.elementor-divider__svg:first-of-type{flex-grow:0;flex-shrink:100}.elementor-widget-divider--element-align-left .elementor-divider-separator:before{content:none}.elementor-widget-divider--element-align-left .elementor-divider__element{margin-left:0}.elementor-widget-divider--element-align-right .elementor-divider .elementor-divider-separator>.elementor-divider__svg:last-of-type{flex-grow:0;flex-shrink:100}.elementor-widget-divider--element-align-right .elementor-divider-separator:after{content:none}.elementor-widget-divider--element-align-right .elementor-divider__element{margin-right:0}.elementor-widget-divider--element-align-start .elementor-divider .elementor-divider-separator>.elementor-divider__svg:first-of-type{flex-grow:0;flex-shrink:100}.elementor-widget-divider--element-align-start .elementor-divider-separator:before{content:none}.elementor-widget-divider--element-align-start .elementor-divider__element{margin-inline-start:0}.elementor-widget-divider--element-align-end .elementor-divider .elementor-divider-separator>.elementor-divider__svg:last-of-type{flex-grow:0;flex-shrink:100}.elementor-widget-divider--element-align-end .elementor-divider-separator:after{content:none}.elementor-widget-divider--element-align-end .elementor-divider__element{margin-inline-end:0}.elementor-widget-divider:not(.elementor-widget-divider--view-line_text):not(.elementor-widget-divider--view-line_icon) .elementor-divider-separator{border-block-start:var(--divider-border-width) var(--divider-border-style) var(--divider-color)}.elementor-widget-divider--separator-type-pattern{--divider-border-style:none}.elementor-widget-divider--separator-type-pattern.elementor-widget-divider--view-line .elementor-divider-separator,.elementor-widget-divider--separator-type-pattern:not(.elementor-widget-divider--view-line) .elementor-divider-separator:after,.elementor-widget-divider--separator-type-pattern:not(.elementor-widget-divider--view-line) .elementor-divider-separator:before,.elementor-widget-divider--separator-type-pattern:not([class*=elementor-widget-divider--view]) .elementor-divider-separator{width:100%;min-height:var(--divider-pattern-height);-webkit-mask-size:var(--divider-pattern-size) 100%;mask-size:var(--divider-pattern-size) 100%;-webkit-mask-repeat:var(--divider-pattern-repeat);mask-repeat:var(--divider-pattern-repeat);background-color:var(--divider-color);-webkit-mask-image:var(--divider-pattern-url);mask-image:var(--divider-pattern-url)}.elementor-widget-divider--no-spacing{--divider-pattern-size:auto}.elementor-widget-divider--bg-round{--divider-pattern-repeat:round}.rtl .elementor-widget-divider .elementor-divider__text{direction:rtl}.e-con-inner>.elementor-widget-divider,.e-con>.elementor-widget-divider{width:var(--container-widget-width,100%);--flex-grow:var(--container-widget-flex-grow)}<\/style>\t\t<div class=\"elementor-divider\">\n\t\t\t<span class=\"elementor-divider-separator\">\n\t\t\t\t\t\t<\/span>\n\t\t<\/div>\n\t\t\t\t<\/div>\n\t\t\t\t<\/div>\n\t\t\t\t<div class=\"elementor-element elementor-element-9637b83 elementor-widget elementor-widget-text-editor\" data-id=\"9637b83\" data-element_type=\"widget\" data-widget_type=\"text-editor.default\">\n\t\t\t\t<div class=\"elementor-widget-container\">\n\t\t\t\t\t\t\t<p>Chez Inductance, nous croyons en l&rsquo;importance de l&rsquo;efficacit\u00e9 \u00e9nerg\u00e9tique pour le secteur public et nous nous engageons \u00e0 fournir des services de qualit\u00e9 pour soutenir vos initiatives. <b>Contactez-nous <\/b>pour en savoir plus sur nos services et pour discuter de vos besoins sp\u00e9cifiques.<\/p>\t\t\t\t\t\t<\/div>\n\t\t\t\t<\/div>\n\t\t\t\t\t<\/div>\n\t\t\t\t<\/div>\n\t\t\t\t<\/div>\n\t\t","protected":false},"excerpt":{"rendered":"<p>Public Inductance est fier de soutenir les initiatives publiques en mati\u00e8re de performance \u00e9nerg\u00e9tique en R\u00e9gion wallonne. Nous proposons des services sp\u00e9cialis\u00e9s pour les b\u00e2timents publics, visant \u00e0 am\u00e9liorer leur efficacit\u00e9 \u00e9nerg\u00e9tique et \u00e0 promouvoir des pratiques durables. Nos Services pour le Public : Certificat PEB de B\u00e2timent Public :\u00a0 Obtenez un certificat PEB pour&hellip;&nbsp;<a href=\"https:\/\/www.juliedeschoenmaekers.be\/ExamCMS\/public\/\" class=\"\" rel=\"bookmark\">Lire la suite &raquo;<span class=\"screen-reader-text\">Public<\/span><\/a><\/p>\n","protected":false},"author":1,"featured_media":0,"parent":0,"menu_order":0,"comment_status":"closed","ping_status":"closed","template":"page-templates\/template-pagebuilder-full-width.php","meta":{"neve_meta_sidebar":"","neve_meta_container":"","neve_meta_enable_content_width":"","neve_meta_content_width":0,"neve_meta_title_alignment":"","neve_meta_author_avatar":"","neve_post_elements_order":"","neve_meta_disable_header":"","neve_meta_disable_footer":"","neve_meta_disable_title":"","footnotes":""},"class_list":["post-26","page","type-page","status-publish","hentry"],"yoast_head":"<!-- This site is optimized with the Yoast SEO plugin v22.8 - https:\/\/yoast.com\/wordpress\/plugins\/seo\/ -->\n<title>Public - Inductance<\/title>\n<meta name=\"description\" content=\"Am\u00e9liorez la performance \u00e9nerg\u00e9tique de vos b\u00e2timents publics avec Inductance : certificats PEB et audits UREBA en R\u00e9gion wallonne.\" \/>\n<meta name=\"robots\" content=\"index, follow, max-snippet:-1, max-image-preview:large, max-video-preview:-1\" \/>\n<link rel=\"canonical\" href=\"https:\/\/www.juliedeschoenmaekers.be\/ExamCMS\/public\/\" \/>\n<meta property=\"og:locale\" content=\"fr_FR\" \/>\n<meta property=\"og:type\" content=\"article\" \/>\n<meta property=\"og:title\" content=\"Public - Inductance\" \/>\n<meta property=\"og:description\" content=\"Am\u00e9liorez la performance \u00e9nerg\u00e9tique de vos b\u00e2timents publics avec Inductance : certificats PEB et audits UREBA en R\u00e9gion wallonne.\" \/>\n<meta property=\"og:url\" content=\"https:\/\/www.juliedeschoenmaekers.be\/ExamCMS\/public\/\" \/>\n<meta property=\"og:site_name\" content=\"Inductance\" \/>\n<meta property=\"article:modified_time\" content=\"2024-06-11T13:49:34+00:00\" \/>\n<meta property=\"og:image\" content=\"https:\/\/www.juliedeschoenmaekers.be\/ExamCMS\/wp-content\/uploads\/2024\/05\/cropped-cropped-logo_inductance_couleur-1.png\" \/>\n<meta name=\"twitter:card\" content=\"summary_large_image\" \/>\n<meta name=\"twitter:label1\" content=\"Dur\u00e9e de lecture estim\u00e9e\" \/>\n\t<meta name=\"twitter:data1\" content=\"1 minute\" \/>\n<script type=\"application\/ld+json\" class=\"yoast-schema-graph\">{\"@context\":\"https:\/\/schema.org\",\"@graph\":[{\"@type\":\"WebPage\",\"@id\":\"https:\/\/www.juliedeschoenmaekers.be\/ExamCMS\/public\/\",\"url\":\"https:\/\/www.juliedeschoenmaekers.be\/ExamCMS\/public\/\",\"name\":\"Public - Inductance\",\"isPartOf\":{\"@id\":\"https:\/\/www.juliedeschoenmaekers.be\/ExamCMS\/#website\"},\"primaryImageOfPage\":{\"@id\":\"https:\/\/www.juliedeschoenmaekers.be\/ExamCMS\/public\/#primaryimage\"},\"image\":{\"@id\":\"https:\/\/www.juliedeschoenmaekers.be\/ExamCMS\/public\/#primaryimage\"},\"thumbnailUrl\":\"https:\/\/www.juliedeschoenmaekers.be\/ExamCMS\/wp-content\/uploads\/2024\/05\/cropped-cropped-logo_inductance_couleur-1.png\",\"datePublished\":\"2024-05-29T07:53:28+00:00\",\"dateModified\":\"2024-06-11T13:49:34+00:00\",\"description\":\"Am\u00e9liorez la performance \u00e9nerg\u00e9tique de vos b\u00e2timents publics avec Inductance : certificats PEB et audits UREBA en R\u00e9gion wallonne.\",\"breadcrumb\":{\"@id\":\"https:\/\/www.juliedeschoenmaekers.be\/ExamCMS\/public\/#breadcrumb\"},\"inLanguage\":\"fr-FR\",\"potentialAction\":[{\"@type\":\"ReadAction\",\"target\":[\"https:\/\/www.juliedeschoenmaekers.be\/ExamCMS\/public\/\"]}]},{\"@type\":\"ImageObject\",\"inLanguage\":\"fr-FR\",\"@id\":\"https:\/\/www.juliedeschoenmaekers.be\/ExamCMS\/public\/#primaryimage\",\"url\":\"https:\/\/www.juliedeschoenmaekers.be\/ExamCMS\/wp-content\/uploads\/2024\/05\/cropped-cropped-logo_inductance_couleur-1.png\",\"contentUrl\":\"https:\/\/www.juliedeschoenmaekers.be\/ExamCMS\/wp-content\/uploads\/2024\/05\/cropped-cropped-logo_inductance_couleur-1.png\",\"width\":463,\"height\":335,\"caption\":\"logo inductance sans texte\"},{\"@type\":\"BreadcrumbList\",\"@id\":\"https:\/\/www.juliedeschoenmaekers.be\/ExamCMS\/public\/#breadcrumb\",\"itemListElement\":[{\"@type\":\"ListItem\",\"position\":1,\"name\":\"Accueil\",\"item\":\"https:\/\/www.juliedeschoenmaekers.be\/ExamCMS\/\"},{\"@type\":\"ListItem\",\"position\":2,\"name\":\"Public\"}]},{\"@type\":\"WebSite\",\"@id\":\"https:\/\/www.juliedeschoenmaekers.be\/ExamCMS\/#website\",\"url\":\"https:\/\/www.juliedeschoenmaekers.be\/ExamCMS\/\",\"name\":\"Inductance\",\"description\":\"\",\"potentialAction\":[{\"@type\":\"SearchAction\",\"target\":{\"@type\":\"EntryPoint\",\"urlTemplate\":\"https:\/\/www.juliedeschoenmaekers.be\/ExamCMS\/?s={search_term_string}\"},\"query-input\":\"required name=search_term_string\"}],\"inLanguage\":\"fr-FR\"}]}<\/script>\n<!-- \/ Yoast SEO plugin. -->","yoast_head_json":{"title":"Public - Inductance","description":"Am\u00e9liorez la performance \u00e9nerg\u00e9tique de vos b\u00e2timents publics avec Inductance : certificats PEB et audits UREBA en R\u00e9gion wallonne.","robots":{"index":"index","follow":"follow","max-snippet":"max-snippet:-1","max-image-preview":"max-image-preview:large","max-video-preview":"max-video-preview:-1"},"canonical":"https:\/\/www.juliedeschoenmaekers.be\/ExamCMS\/public\/","og_locale":"fr_FR","og_type":"article","og_title":"Public - Inductance","og_description":"Am\u00e9liorez la performance \u00e9nerg\u00e9tique de vos b\u00e2timents publics avec Inductance : certificats PEB et audits UREBA en R\u00e9gion wallonne.","og_url":"https:\/\/www.juliedeschoenmaekers.be\/ExamCMS\/public\/","og_site_name":"Inductance","article_modified_time":"2024-06-11T13:49:34+00:00","og_image":[{"url":"https:\/\/www.juliedeschoenmaekers.be\/ExamCMS\/wp-content\/uploads\/2024\/05\/cropped-cropped-logo_inductance_couleur-1.png"}],"twitter_card":"summary_large_image","twitter_misc":{"Dur\u00e9e de lecture estim\u00e9e":"1 minute"},"schema":{"@context":"https:\/\/schema.org","@graph":[{"@type":"WebPage","@id":"https:\/\/www.juliedeschoenmaekers.be\/ExamCMS\/public\/","url":"https:\/\/www.juliedeschoenmaekers.be\/ExamCMS\/public\/","name":"Public - Inductance","isPartOf":{"@id":"https:\/\/www.juliedeschoenmaekers.be\/ExamCMS\/#website"},"primaryImageOfPage":{"@id":"https:\/\/www.juliedeschoenmaekers.be\/ExamCMS\/public\/#primaryimage"},"image":{"@id":"https:\/\/www.juliedeschoenmaekers.be\/ExamCMS\/public\/#primaryimage"},"thumbnailUrl":"https:\/\/www.juliedeschoenmaekers.be\/ExamCMS\/wp-content\/uploads\/2024\/05\/cropped-cropped-logo_inductance_couleur-1.png","datePublished":"2024-05-29T07:53:28+00:00","dateModified":"2024-06-11T13:49:34+00:00","description":"Am\u00e9liorez la performance \u00e9nerg\u00e9tique de vos b\u00e2timents publics avec Inductance : certificats PEB et audits UREBA en R\u00e9gion wallonne.","breadcrumb":{"@id":"https:\/\/www.juliedeschoenmaekers.be\/ExamCMS\/public\/#breadcrumb"},"inLanguage":"fr-FR","potentialAction":[{"@type":"ReadAction","target":["https:\/\/www.juliedeschoenmaekers.be\/ExamCMS\/public\/"]}]},{"@type":"ImageObject","inLanguage":"fr-FR","@id":"https:\/\/www.juliedeschoenmaekers.be\/ExamCMS\/public\/#primaryimage","url":"https:\/\/www.juliedeschoenmaekers.be\/ExamCMS\/wp-content\/uploads\/2024\/05\/cropped-cropped-logo_inductance_couleur-1.png","contentUrl":"https:\/\/www.juliedeschoenmaekers.be\/ExamCMS\/wp-content\/uploads\/2024\/05\/cropped-cropped-logo_inductance_couleur-1.png","width":463,"height":335,"caption":"logo inductance sans texte"},{"@type":"BreadcrumbList","@id":"https:\/\/www.juliedeschoenmaekers.be\/ExamCMS\/public\/#breadcrumb","itemListElement":[{"@type":"ListItem","position":1,"name":"Accueil","item":"https:\/\/www.juliedeschoenmaekers.be\/ExamCMS\/"},{"@type":"ListItem","position":2,"name":"Public"}]},{"@type":"WebSite","@id":"https:\/\/www.juliedeschoenmaekers.be\/ExamCMS\/#website","url":"https:\/\/www.juliedeschoenmaekers.be\/ExamCMS\/","name":"Inductance","description":"","potentialAction":[{"@type":"SearchAction","target":{"@type":"EntryPoint","urlTemplate":"https:\/\/www.juliedeschoenmaekers.be\/ExamCMS\/?s={search_term_string}"},"query-input":"required name=search_term_string"}],"inLanguage":"fr-FR"}]}},"_links":{"self":[{"href":"https:\/\/www.juliedeschoenmaekers.be\/ExamCMS\/wp-json\/wp\/v2\/pages\/26","targetHints":{"allow":["GET"]}}],"collection":[{"href":"https:\/\/www.juliedeschoenmaekers.be\/ExamCMS\/wp-json\/wp\/v2\/pages"}],"about":[{"href":"https:\/\/www.juliedeschoenmaekers.be\/ExamCMS\/wp-json\/wp\/v2\/types\/page"}],"author":[{"embeddable":true,"href":"https:\/\/www.juliedeschoenmaekers.be\/ExamCMS\/wp-json\/wp\/v2\/users\/1"}],"replies":[{"embeddable":true,"href":"https:\/\/www.juliedeschoenmaekers.be\/ExamCMS\/wp-json\/wp\/v2\/comments?post=26"}],"version-history":[{"count":34,"href":"https:\/\/www.juliedeschoenmaekers.be\/ExamCMS\/wp-json\/wp\/v2\/pages\/26\/revisions"}],"predecessor-version":[{"id":693,"href":"https:\/\/www.juliedeschoenmaekers.be\/ExamCMS\/wp-json\/wp\/v2\/pages\/26\/revisions\/693"}],"wp:attachment":[{"href":"https:\/\/www.juliedeschoenmaekers.be\/ExamCMS\/wp-json\/wp\/v2\/media?parent=26"}],"curies":[{"name":"wp","href":"https:\/\/api.w.org\/{rel}","templated":true}]}}