{"id":73,"date":"2024-05-29T10:48:28","date_gmt":"2024-05-29T08:48:28","guid":{"rendered":"https:\/\/www.juliedeschoenmaekers.be\/ExamCMS\/?page_id=73"},"modified":"2024-06-11T15:12:50","modified_gmt":"2024-06-11T13:12:50","slug":"actualites-particuliers","status":"publish","type":"page","link":"https:\/\/www.juliedeschoenmaekers.be\/ExamCMS\/actualites-particuliers\/","title":{"rendered":"Actualit\u00e9s"},"content":{"rendered":"\t\t<div data-elementor-type=\"wp-page\" data-elementor-id=\"73\" class=\"elementor elementor-73\">\n\t\t\t\t<div class=\"elementor-element elementor-element-9962a0a e-flex e-con-boxed e-con e-parent\" data-id=\"9962a0a\" data-element_type=\"container\">\n\t\t\t\t\t<div class=\"e-con-inner\">\n\t\t\t\t<div class=\"elementor-element elementor-element-500babc elementor-widget elementor-widget-heading\" data-id=\"500babc\" data-element_type=\"widget\" data-widget_type=\"heading.default\">\n\t\t\t\t<div class=\"elementor-widget-container\">\n\t\t\t<style>\/*! elementor - v3.21.0 - 26-05-2024 *\/\n.elementor-heading-title{padding:0;margin:0;line-height:1}.elementor-widget-heading .elementor-heading-title[class*=elementor-size-]>a{color:inherit;font-size:inherit;line-height:inherit}.elementor-widget-heading .elementor-heading-title.elementor-size-small{font-size:15px}.elementor-widget-heading .elementor-heading-title.elementor-size-medium{font-size:19px}.elementor-widget-heading .elementor-heading-title.elementor-size-large{font-size:29px}.elementor-widget-heading .elementor-heading-title.elementor-size-xl{font-size:39px}.elementor-widget-heading .elementor-heading-title.elementor-size-xxl{font-size:59px}<\/style><h2 class=\"elementor-heading-title elementor-size-default\">D\u00e9couvrez les derni\u00e8res actualit\u00e9s<\/h2>\t\t<\/div>\n\t\t\t\t<\/div>\n\t\t\t\t\t<\/div>\n\t\t\t\t<\/div>\n\t\t<div class=\"elementor-element elementor-element-0aff696 e-flex e-con-boxed e-con e-parent\" data-id=\"0aff696\" data-element_type=\"container\">\n\t\t\t\t\t<div class=\"e-con-inner\">\n\t\t\t\t<div class=\"elementor-element elementor-element-5bbf72c elementor-widget elementor-widget-text-editor\" data-id=\"5bbf72c\" data-element_type=\"widget\" data-widget_type=\"text-editor.default\">\n\t\t\t\t<div class=\"elementor-widget-container\">\n\t\t\t<style>\/*! elementor - v3.21.0 - 26-05-2024 *\/\n.elementor-widget-text-editor.elementor-drop-cap-view-stacked .elementor-drop-cap{background-color:#69727d;color:#fff}.elementor-widget-text-editor.elementor-drop-cap-view-framed .elementor-drop-cap{color:#69727d;border:3px solid;background-color:transparent}.elementor-widget-text-editor:not(.elementor-drop-cap-view-default) .elementor-drop-cap{margin-top:8px}.elementor-widget-text-editor:not(.elementor-drop-cap-view-default) .elementor-drop-cap-letter{width:1em;height:1em}.elementor-widget-text-editor .elementor-drop-cap{float:left;text-align:center;line-height:1;font-size:50px}.elementor-widget-text-editor .elementor-drop-cap-letter{display:inline-block}<\/style>\t\t\t\t<p>Ici, vous trouverez les derni\u00e8res nouvelles, \u00e9v\u00e9nements, et mises \u00e0 jour concernant notre soci\u00e9t\u00e9 et le secteur de l\u2019\u00e9nergie. Nous partageons r\u00e9guli\u00e8rement des articles informatifs, des annonces de projets, des t\u00e9moignages clients, et bien plus encore. Restez inform\u00e9 sur les innovations \u00e9nerg\u00e9tiques et les activit\u00e9s de notre entreprise en R\u00e9gion wallonne.<\/p>\t\t\t\t\t\t<\/div>\n\t\t\t\t<\/div>\n\t\t\t\t\t<\/div>\n\t\t\t\t<\/div>\n\t\t<div class=\"elementor-element elementor-element-ed99bdb e-flex e-con-boxed e-con e-parent\" data-id=\"ed99bdb\" data-element_type=\"container\">\n\t\t\t\t\t<div class=\"e-con-inner\">\n\t\t\t\t<div class=\"elementor-element elementor-element-65575a2 elementor-widget elementor-widget-heading\" data-id=\"65575a2\" data-element_type=\"widget\" data-widget_type=\"heading.default\">\n\t\t\t\t<div class=\"elementor-widget-container\">\n\t\t\t<h2 class=\"elementor-heading-title elementor-size-default\">Nos Derni\u00e8res Actualit\u00e9s<\/h2>\t\t<\/div>\n\t\t\t\t<\/div>\n\t\t\t\t\t<\/div>\n\t\t\t\t<\/div>\n\t\t<div class=\"elementor-element elementor-element-53ad04c e-flex e-con-boxed e-con e-parent\" data-id=\"53ad04c\" data-element_type=\"container\">\n\t\t\t\t\t<div class=\"e-con-inner\">\n\t\t<div class=\"elementor-element elementor-element-f108296 e-con-full e-flex e-con e-child\" data-id=\"f108296\" data-element_type=\"container\">\n\t\t<div class=\"elementor-element elementor-element-5f81a03 e-flex e-con-boxed e-con e-child\" data-id=\"5f81a03\" data-element_type=\"container\">\n\t\t\t\t\t<div class=\"e-con-inner\">\n\t\t\t\t<div class=\"elementor-element elementor-element-2960153 elementor-widget elementor-widget-heading\" data-id=\"2960153\" data-element_type=\"widget\" data-widget_type=\"heading.default\">\n\t\t\t\t<div class=\"elementor-widget-container\">\n\t\t\t<h3 class=\"elementor-heading-title elementor-size-default\">\"Titre de l'article\"<\/h3>\t\t<\/div>\n\t\t\t\t<\/div>\n\t\t\t\t\t<\/div>\n\t\t\t\t<\/div>\n\t\t<div class=\"elementor-element elementor-element-575bf54 e-flex e-con-boxed e-con e-child\" data-id=\"575bf54\" data-element_type=\"container\">\n\t\t\t\t\t<div class=\"e-con-inner\">\n\t\t\t\t<div class=\"elementor-element elementor-element-30c69b2 elementor-widget elementor-widget-text-editor\" data-id=\"30c69b2\" data-element_type=\"widget\" data-widget_type=\"text-editor.default\">\n\t\t\t\t<div class=\"elementor-widget-container\">\n\t\t\t\t\t\t\t<p><strong>Description de l&rsquo;article :<\/strong><\/p><p><span style=\"color: #000000; font-family: 'Open Sans', Arial, sans-serif; font-size: 14px; text-align: justify;\">Lorem ipsum dolor sit amet, consectetur adipiscing elit. <\/span><span style=\"color: #000000; font-family: 'Open Sans', Arial, sans-serif; font-size: 14px; text-align: justify;\">Lorem ipsum dolor sit amet, consectetur adipiscing elit. <\/span><span style=\"color: #000000; font-family: 'Open Sans', Arial, sans-serif; font-size: 14px; text-align: justify;\">&#8230;<\/span><span style=\"color: #000000; font-family: 'Open Sans', Arial, sans-serif; font-size: 14px; text-align: justify;\"><br \/><\/span><\/p><p><span style=\"color: #000000; font-family: 'Open Sans', Arial, sans-serif; font-size: 14px; text-align: justify;\"><b>Lien vers l&rsquo;article :<\/b> www.lienarticle.be<\/span><\/p><p style=\"text-align: justify;\"><span style=\"color: #000000; font-family: Open Sans, Arial, sans-serif;\"><span style=\"font-size: 14px;\"><b>Date :<\/b>\u00a0<\/span><\/span><\/p>\t\t\t\t\t\t<\/div>\n\t\t\t\t<\/div>\n\t\t\t\t\t<\/div>\n\t\t\t\t<\/div>\n\t\t\t\t<\/div>\n\t\t<div class=\"elementor-element elementor-element-4b59a9d e-con-full e-flex e-con e-child\" data-id=\"4b59a9d\" data-element_type=\"container\">\n\t\t\t\t<div class=\"elementor-element elementor-element-350dc7a elementor-widget elementor-widget-image\" data-id=\"350dc7a\" data-element_type=\"widget\" data-widget_type=\"image.default\">\n\t\t\t\t<div class=\"elementor-widget-container\">\n\t\t\t<style>\/*! elementor - v3.21.0 - 26-05-2024 *\/\n.elementor-widget-image{text-align:center}.elementor-widget-image a{display:inline-block}.elementor-widget-image a img[src$=\".svg\"]{width:48px}.elementor-widget-image img{vertical-align:middle;display:inline-block}<\/style>\t\t\t\t\t\t\t\t\t\t<img decoding=\"async\" src=\"https:\/\/www.juliedeschoenmaekers.be\/ExamCMS\/wp-content\/plugins\/elementor\/assets\/images\/placeholder.png\" title=\"\" alt=\"\" loading=\"lazy\" \/>\t\t\t\t\t\t\t\t\t\t\t\t\t<\/div>\n\t\t\t\t<\/div>\n\t\t\t\t<\/div>\n\t\t\t\t\t<\/div>\n\t\t\t\t<\/div>\n\t\t<div class=\"elementor-element elementor-element-9688f7f e-flex e-con-boxed e-con e-parent\" data-id=\"9688f7f\" data-element_type=\"container\">\n\t\t\t\t\t<div class=\"e-con-inner\">\n\t\t<div class=\"elementor-element elementor-element-056192d e-con-full e-flex e-con e-child\" data-id=\"056192d\" data-element_type=\"container\">\n\t\t<div class=\"elementor-element elementor-element-b68ea04 e-flex e-con-boxed e-con e-child\" data-id=\"b68ea04\" data-element_type=\"container\">\n\t\t\t\t\t<div class=\"e-con-inner\">\n\t\t\t\t<div class=\"elementor-element elementor-element-418de1e elementor-widget elementor-widget-heading\" data-id=\"418de1e\" data-element_type=\"widget\" data-widget_type=\"heading.default\">\n\t\t\t\t<div class=\"elementor-widget-container\">\n\t\t\t<h3 class=\"elementor-heading-title elementor-size-default\">\"Titre de l'article\"<\/h3>\t\t<\/div>\n\t\t\t\t<\/div>\n\t\t\t\t\t<\/div>\n\t\t\t\t<\/div>\n\t\t<div class=\"elementor-element elementor-element-10480fc e-flex e-con-boxed e-con e-child\" data-id=\"10480fc\" data-element_type=\"container\">\n\t\t\t\t\t<div class=\"e-con-inner\">\n\t\t\t\t<div class=\"elementor-element elementor-element-f4ee0b4 elementor-widget elementor-widget-text-editor\" data-id=\"f4ee0b4\" data-element_type=\"widget\" data-widget_type=\"text-editor.default\">\n\t\t\t\t<div class=\"elementor-widget-container\">\n\t\t\t\t\t\t\t<p><strong>Description de l&rsquo;article :<\/strong><\/p><p><span style=\"color: #000000; font-family: 'Open Sans', Arial, sans-serif; font-size: 14px; text-align: justify;\">Lorem ipsum dolor sit amet, consectetur adipiscing elit. <\/span><span style=\"color: #000000; font-family: 'Open Sans', Arial, sans-serif; font-size: 14px; text-align: justify;\">Lorem ipsum dolor sit amet, consectetur adipiscing elit. <\/span><span style=\"color: #000000; font-family: 'Open Sans', Arial, sans-serif; font-size: 14px; text-align: justify;\">&#8230;<\/span><span style=\"color: #000000; font-family: 'Open Sans', Arial, sans-serif; font-size: 14px; text-align: justify;\"><br \/><\/span><\/p><p><span style=\"color: #000000; font-family: 'Open Sans', Arial, sans-serif; font-size: 14px; text-align: justify;\"><b>Lien vers l&rsquo;article :<\/b> www.lienarticle.be<\/span><\/p><p style=\"text-align: justify;\"><span style=\"color: #000000; font-family: Open Sans, Arial, sans-serif;\"><span style=\"font-size: 14px;\"><b>Date :<\/b>\u00a0<\/span><\/span><\/p>\t\t\t\t\t\t<\/div>\n\t\t\t\t<\/div>\n\t\t\t\t\t<\/div>\n\t\t\t\t<\/div>\n\t\t\t\t<\/div>\n\t\t<div class=\"elementor-element elementor-element-4688b54 e-con-full e-flex e-con e-child\" data-id=\"4688b54\" data-element_type=\"container\">\n\t\t\t\t<div class=\"elementor-element elementor-element-ff0eb49 elementor-widget elementor-widget-image\" data-id=\"ff0eb49\" data-element_type=\"widget\" data-widget_type=\"image.default\">\n\t\t\t\t<div class=\"elementor-widget-container\">\n\t\t\t\t\t\t\t\t\t\t\t\t\t<img decoding=\"async\" src=\"https:\/\/www.juliedeschoenmaekers.be\/ExamCMS\/wp-content\/plugins\/elementor\/assets\/images\/placeholder.png\" title=\"\" alt=\"\" loading=\"lazy\" \/>\t\t\t\t\t\t\t\t\t\t\t\t\t<\/div>\n\t\t\t\t<\/div>\n\t\t\t\t<\/div>\n\t\t\t\t\t<\/div>\n\t\t\t\t<\/div>\n\t\t<div class=\"elementor-element elementor-element-d4cd7a8 e-flex e-con-boxed e-con e-parent\" data-id=\"d4cd7a8\" data-element_type=\"container\">\n\t\t\t\t\t<div class=\"e-con-inner\">\n\t\t\t\t<div class=\"elementor-element elementor-element-0ff2915 elementor-widget-divider--view-line elementor-widget elementor-widget-divider\" data-id=\"0ff2915\" data-element_type=\"widget\" data-widget_type=\"divider.default\">\n\t\t\t\t<div class=\"elementor-widget-container\">\n\t\t\t<style>\/*! elementor - v3.21.0 - 26-05-2024 *\/\n.elementor-widget-divider{--divider-border-style:none;--divider-border-width:1px;--divider-color:#0c0d0e;--divider-icon-size:20px;--divider-element-spacing:10px;--divider-pattern-height:24px;--divider-pattern-size:20px;--divider-pattern-url:none;--divider-pattern-repeat:repeat-x}.elementor-widget-divider .elementor-divider{display:flex}.elementor-widget-divider .elementor-divider__text{font-size:15px;line-height:1;max-width:95%}.elementor-widget-divider .elementor-divider__element{margin:0 var(--divider-element-spacing);flex-shrink:0}.elementor-widget-divider .elementor-icon{font-size:var(--divider-icon-size)}.elementor-widget-divider .elementor-divider-separator{display:flex;margin:0;direction:ltr}.elementor-widget-divider--view-line_icon .elementor-divider-separator,.elementor-widget-divider--view-line_text .elementor-divider-separator{align-items:center}.elementor-widget-divider--view-line_icon .elementor-divider-separator:after,.elementor-widget-divider--view-line_icon .elementor-divider-separator:before,.elementor-widget-divider--view-line_text .elementor-divider-separator:after,.elementor-widget-divider--view-line_text .elementor-divider-separator:before{display:block;content:\"\";border-block-end:0;flex-grow:1;border-block-start:var(--divider-border-width) var(--divider-border-style) var(--divider-color)}.elementor-widget-divider--element-align-left .elementor-divider .elementor-divider-separator>.elementor-divider__svg:first-of-type{flex-grow:0;flex-shrink:100}.elementor-widget-divider--element-align-left .elementor-divider-separator:before{content:none}.elementor-widget-divider--element-align-left .elementor-divider__element{margin-left:0}.elementor-widget-divider--element-align-right .elementor-divider .elementor-divider-separator>.elementor-divider__svg:last-of-type{flex-grow:0;flex-shrink:100}.elementor-widget-divider--element-align-right .elementor-divider-separator:after{content:none}.elementor-widget-divider--element-align-right .elementor-divider__element{margin-right:0}.elementor-widget-divider--element-align-start .elementor-divider .elementor-divider-separator>.elementor-divider__svg:first-of-type{flex-grow:0;flex-shrink:100}.elementor-widget-divider--element-align-start .elementor-divider-separator:before{content:none}.elementor-widget-divider--element-align-start .elementor-divider__element{margin-inline-start:0}.elementor-widget-divider--element-align-end .elementor-divider .elementor-divider-separator>.elementor-divider__svg:last-of-type{flex-grow:0;flex-shrink:100}.elementor-widget-divider--element-align-end .elementor-divider-separator:after{content:none}.elementor-widget-divider--element-align-end .elementor-divider__element{margin-inline-end:0}.elementor-widget-divider:not(.elementor-widget-divider--view-line_text):not(.elementor-widget-divider--view-line_icon) .elementor-divider-separator{border-block-start:var(--divider-border-width) var(--divider-border-style) var(--divider-color)}.elementor-widget-divider--separator-type-pattern{--divider-border-style:none}.elementor-widget-divider--separator-type-pattern.elementor-widget-divider--view-line .elementor-divider-separator,.elementor-widget-divider--separator-type-pattern:not(.elementor-widget-divider--view-line) .elementor-divider-separator:after,.elementor-widget-divider--separator-type-pattern:not(.elementor-widget-divider--view-line) .elementor-divider-separator:before,.elementor-widget-divider--separator-type-pattern:not([class*=elementor-widget-divider--view]) .elementor-divider-separator{width:100%;min-height:var(--divider-pattern-height);-webkit-mask-size:var(--divider-pattern-size) 100%;mask-size:var(--divider-pattern-size) 100%;-webkit-mask-repeat:var(--divider-pattern-repeat);mask-repeat:var(--divider-pattern-repeat);background-color:var(--divider-color);-webkit-mask-image:var(--divider-pattern-url);mask-image:var(--divider-pattern-url)}.elementor-widget-divider--no-spacing{--divider-pattern-size:auto}.elementor-widget-divider--bg-round{--divider-pattern-repeat:round}.rtl .elementor-widget-divider .elementor-divider__text{direction:rtl}.e-con-inner>.elementor-widget-divider,.e-con>.elementor-widget-divider{width:var(--container-widget-width,100%);--flex-grow:var(--container-widget-flex-grow)}<\/style>\t\t<div class=\"elementor-divider\">\n\t\t\t<span class=\"elementor-divider-separator\">\n\t\t\t\t\t\t<\/span>\n\t\t<\/div>\n\t\t\t\t<\/div>\n\t\t\t\t<\/div>\n\t\t\t\t<div class=\"elementor-element elementor-element-f599879 elementor-widget elementor-widget-text-editor\" data-id=\"f599879\" data-element_type=\"widget\" data-widget_type=\"text-editor.default\">\n\t\t\t\t<div class=\"elementor-widget-container\">\n\t\t\t\t\t\t\t<p>Inductance est \u00e0 la pointe des innovations \u00e9nerg\u00e9tiques. Restez connect\u00e9 pour d\u00e9couvrir comment nous contribuons \u00e0 un avenir plus durable et efficace. Pour toute question ou information suppl\u00e9mentaire, n\u2019h\u00e9sitez pas \u00e0 nous contacter par t\u00e9l\u00e9phone ou par notre formulaire de contact.<\/p>\t\t\t\t\t\t<\/div>\n\t\t\t\t<\/div>\n\t\t\t\t\t<\/div>\n\t\t\t\t<\/div>\n\t\t\t\t<\/div>\n\t\t","protected":false},"excerpt":{"rendered":"<p>D\u00e9couvrez les derni\u00e8res actualit\u00e9s Ici, vous trouverez les derni\u00e8res nouvelles, \u00e9v\u00e9nements, et mises \u00e0 jour concernant notre soci\u00e9t\u00e9 et le secteur de l\u2019\u00e9nergie. Nous partageons r\u00e9guli\u00e8rement des articles informatifs, des annonces de projets, des t\u00e9moignages clients, et bien plus encore. Restez inform\u00e9 sur les innovations \u00e9nerg\u00e9tiques et les activit\u00e9s de notre entreprise en R\u00e9gion wallonne.&hellip;&nbsp;<a href=\"https:\/\/www.juliedeschoenmaekers.be\/ExamCMS\/actualites-particuliers\/\" class=\"\" rel=\"bookmark\">Lire la suite &raquo;<span class=\"screen-reader-text\">Actualit\u00e9s<\/span><\/a><\/p>\n","protected":false},"author":1,"featured_media":0,"parent":0,"menu_order":0,"comment_status":"closed","ping_status":"closed","template":"page-templates\/template-pagebuilder-full-width.php","meta":{"neve_meta_sidebar":"","neve_meta_container":"","neve_meta_enable_content_width":"","neve_meta_content_width":0,"neve_meta_title_alignment":"","neve_meta_author_avatar":"","neve_post_elements_order":"","neve_meta_disable_header":"","neve_meta_disable_footer":"","neve_meta_disable_title":"","footnotes":""},"class_list":["post-73","page","type-page","status-publish","hentry"],"yoast_head":"<!-- This site is optimized with the Yoast SEO plugin v22.8 - https:\/\/yoast.com\/wordpress\/plugins\/seo\/ -->\n<title>Actualit\u00e9s - Inductance<\/title>\n<meta name=\"description\" content=\"Suivez les derni\u00e8res actualit\u00e9s d&#039;Inductance et restez inform\u00e9 des innovations et \u00e9v\u00e9nements dans le secteur de l&#039;\u00e9nergie en R\u00e9gion wallonne.\" \/>\n<meta name=\"robots\" content=\"index, follow, max-snippet:-1, max-image-preview:large, max-video-preview:-1\" \/>\n<link rel=\"canonical\" href=\"https:\/\/www.juliedeschoenmaekers.be\/ExamCMS\/actualites-particuliers\/\" \/>\n<meta property=\"og:locale\" content=\"fr_FR\" \/>\n<meta property=\"og:type\" content=\"article\" \/>\n<meta property=\"og:title\" content=\"Actualit\u00e9s - Inductance\" \/>\n<meta property=\"og:description\" content=\"Suivez les derni\u00e8res actualit\u00e9s d&#039;Inductance et restez inform\u00e9 des innovations et \u00e9v\u00e9nements dans le secteur de l&#039;\u00e9nergie en R\u00e9gion wallonne.\" \/>\n<meta property=\"og:url\" content=\"https:\/\/www.juliedeschoenmaekers.be\/ExamCMS\/actualites-particuliers\/\" \/>\n<meta property=\"og:site_name\" content=\"Inductance\" \/>\n<meta property=\"article:modified_time\" content=\"2024-06-11T13:12:50+00:00\" \/>\n<meta property=\"og:image\" content=\"https:\/\/www.juliedeschoenmaekers.be\/ExamCMS\/wp-content\/plugins\/elementor\/assets\/images\/placeholder.png\" \/>\n<meta name=\"twitter:card\" content=\"summary_large_image\" \/>\n<meta name=\"twitter:label1\" content=\"Dur\u00e9e de lecture estim\u00e9e\" \/>\n\t<meta name=\"twitter:data1\" content=\"2 minutes\" \/>\n<script type=\"application\/ld+json\" class=\"yoast-schema-graph\">{\"@context\":\"https:\/\/schema.org\",\"@graph\":[{\"@type\":\"WebPage\",\"@id\":\"https:\/\/www.juliedeschoenmaekers.be\/ExamCMS\/actualites-particuliers\/\",\"url\":\"https:\/\/www.juliedeschoenmaekers.be\/ExamCMS\/actualites-particuliers\/\",\"name\":\"Actualit\u00e9s - Inductance\",\"isPartOf\":{\"@id\":\"https:\/\/www.juliedeschoenmaekers.be\/ExamCMS\/#website\"},\"primaryImageOfPage\":{\"@id\":\"https:\/\/www.juliedeschoenmaekers.be\/ExamCMS\/actualites-particuliers\/#primaryimage\"},\"image\":{\"@id\":\"https:\/\/www.juliedeschoenmaekers.be\/ExamCMS\/actualites-particuliers\/#primaryimage\"},\"thumbnailUrl\":\"https:\/\/www.juliedeschoenmaekers.be\/ExamCMS\/wp-content\/plugins\/elementor\/assets\/images\/placeholder.png\",\"datePublished\":\"2024-05-29T08:48:28+00:00\",\"dateModified\":\"2024-06-11T13:12:50+00:00\",\"description\":\"Suivez les derni\u00e8res actualit\u00e9s d'Inductance et restez inform\u00e9 des innovations et \u00e9v\u00e9nements dans le secteur de l'\u00e9nergie en R\u00e9gion wallonne.\",\"breadcrumb\":{\"@id\":\"https:\/\/www.juliedeschoenmaekers.be\/ExamCMS\/actualites-particuliers\/#breadcrumb\"},\"inLanguage\":\"fr-FR\",\"potentialAction\":[{\"@type\":\"ReadAction\",\"target\":[\"https:\/\/www.juliedeschoenmaekers.be\/ExamCMS\/actualites-particuliers\/\"]}]},{\"@type\":\"ImageObject\",\"inLanguage\":\"fr-FR\",\"@id\":\"https:\/\/www.juliedeschoenmaekers.be\/ExamCMS\/actualites-particuliers\/#primaryimage\",\"url\":\"https:\/\/www.juliedeschoenmaekers.be\/ExamCMS\/wp-content\/plugins\/elementor\/assets\/images\/placeholder.png\",\"contentUrl\":\"https:\/\/www.juliedeschoenmaekers.be\/ExamCMS\/wp-content\/plugins\/elementor\/assets\/images\/placeholder.png\"},{\"@type\":\"BreadcrumbList\",\"@id\":\"https:\/\/www.juliedeschoenmaekers.be\/ExamCMS\/actualites-particuliers\/#breadcrumb\",\"itemListElement\":[{\"@type\":\"ListItem\",\"position\":1,\"name\":\"Accueil\",\"item\":\"https:\/\/www.juliedeschoenmaekers.be\/ExamCMS\/\"},{\"@type\":\"ListItem\",\"position\":2,\"name\":\"Actualit\u00e9s\"}]},{\"@type\":\"WebSite\",\"@id\":\"https:\/\/www.juliedeschoenmaekers.be\/ExamCMS\/#website\",\"url\":\"https:\/\/www.juliedeschoenmaekers.be\/ExamCMS\/\",\"name\":\"Inductance\",\"description\":\"\",\"potentialAction\":[{\"@type\":\"SearchAction\",\"target\":{\"@type\":\"EntryPoint\",\"urlTemplate\":\"https:\/\/www.juliedeschoenmaekers.be\/ExamCMS\/?s={search_term_string}\"},\"query-input\":\"required name=search_term_string\"}],\"inLanguage\":\"fr-FR\"}]}<\/script>\n<!-- \/ Yoast SEO plugin. -->","yoast_head_json":{"title":"Actualit\u00e9s - Inductance","description":"Suivez les derni\u00e8res actualit\u00e9s d'Inductance et restez inform\u00e9 des innovations et \u00e9v\u00e9nements dans le secteur de l'\u00e9nergie en R\u00e9gion wallonne.","robots":{"index":"index","follow":"follow","max-snippet":"max-snippet:-1","max-image-preview":"max-image-preview:large","max-video-preview":"max-video-preview:-1"},"canonical":"https:\/\/www.juliedeschoenmaekers.be\/ExamCMS\/actualites-particuliers\/","og_locale":"fr_FR","og_type":"article","og_title":"Actualit\u00e9s - Inductance","og_description":"Suivez les derni\u00e8res actualit\u00e9s d'Inductance et restez inform\u00e9 des innovations et \u00e9v\u00e9nements dans le secteur de l'\u00e9nergie en R\u00e9gion wallonne.","og_url":"https:\/\/www.juliedeschoenmaekers.be\/ExamCMS\/actualites-particuliers\/","og_site_name":"Inductance","article_modified_time":"2024-06-11T13:12:50+00:00","og_image":[{"url":"https:\/\/www.juliedeschoenmaekers.be\/ExamCMS\/wp-content\/plugins\/elementor\/assets\/images\/placeholder.png"}],"twitter_card":"summary_large_image","twitter_misc":{"Dur\u00e9e de lecture estim\u00e9e":"2 minutes"},"schema":{"@context":"https:\/\/schema.org","@graph":[{"@type":"WebPage","@id":"https:\/\/www.juliedeschoenmaekers.be\/ExamCMS\/actualites-particuliers\/","url":"https:\/\/www.juliedeschoenmaekers.be\/ExamCMS\/actualites-particuliers\/","name":"Actualit\u00e9s - Inductance","isPartOf":{"@id":"https:\/\/www.juliedeschoenmaekers.be\/ExamCMS\/#website"},"primaryImageOfPage":{"@id":"https:\/\/www.juliedeschoenmaekers.be\/ExamCMS\/actualites-particuliers\/#primaryimage"},"image":{"@id":"https:\/\/www.juliedeschoenmaekers.be\/ExamCMS\/actualites-particuliers\/#primaryimage"},"thumbnailUrl":"https:\/\/www.juliedeschoenmaekers.be\/ExamCMS\/wp-content\/plugins\/elementor\/assets\/images\/placeholder.png","datePublished":"2024-05-29T08:48:28+00:00","dateModified":"2024-06-11T13:12:50+00:00","description":"Suivez les derni\u00e8res actualit\u00e9s d'Inductance et restez inform\u00e9 des innovations et \u00e9v\u00e9nements dans le secteur de l'\u00e9nergie en R\u00e9gion wallonne.","breadcrumb":{"@id":"https:\/\/www.juliedeschoenmaekers.be\/ExamCMS\/actualites-particuliers\/#breadcrumb"},"inLanguage":"fr-FR","potentialAction":[{"@type":"ReadAction","target":["https:\/\/www.juliedeschoenmaekers.be\/ExamCMS\/actualites-particuliers\/"]}]},{"@type":"ImageObject","inLanguage":"fr-FR","@id":"https:\/\/www.juliedeschoenmaekers.be\/ExamCMS\/actualites-particuliers\/#primaryimage","url":"https:\/\/www.juliedeschoenmaekers.be\/ExamCMS\/wp-content\/plugins\/elementor\/assets\/images\/placeholder.png","contentUrl":"https:\/\/www.juliedeschoenmaekers.be\/ExamCMS\/wp-content\/plugins\/elementor\/assets\/images\/placeholder.png"},{"@type":"BreadcrumbList","@id":"https:\/\/www.juliedeschoenmaekers.be\/ExamCMS\/actualites-particuliers\/#breadcrumb","itemListElement":[{"@type":"ListItem","position":1,"name":"Accueil","item":"https:\/\/www.juliedeschoenmaekers.be\/ExamCMS\/"},{"@type":"ListItem","position":2,"name":"Actualit\u00e9s"}]},{"@type":"WebSite","@id":"https:\/\/www.juliedeschoenmaekers.be\/ExamCMS\/#website","url":"https:\/\/www.juliedeschoenmaekers.be\/ExamCMS\/","name":"Inductance","description":"","potentialAction":[{"@type":"SearchAction","target":{"@type":"EntryPoint","urlTemplate":"https:\/\/www.juliedeschoenmaekers.be\/ExamCMS\/?s={search_term_string}"},"query-input":"required name=search_term_string"}],"inLanguage":"fr-FR"}]}},"_links":{"self":[{"href":"https:\/\/www.juliedeschoenmaekers.be\/ExamCMS\/wp-json\/wp\/v2\/pages\/73","targetHints":{"allow":["GET"]}}],"collection":[{"href":"https:\/\/www.juliedeschoenmaekers.be\/ExamCMS\/wp-json\/wp\/v2\/pages"}],"about":[{"href":"https:\/\/www.juliedeschoenmaekers.be\/ExamCMS\/wp-json\/wp\/v2\/types\/page"}],"author":[{"embeddable":true,"href":"https:\/\/www.juliedeschoenmaekers.be\/ExamCMS\/wp-json\/wp\/v2\/users\/1"}],"replies":[{"embeddable":true,"href":"https:\/\/www.juliedeschoenmaekers.be\/ExamCMS\/wp-json\/wp\/v2\/comments?post=73"}],"version-history":[{"count":25,"href":"https:\/\/www.juliedeschoenmaekers.be\/ExamCMS\/wp-json\/wp\/v2\/pages\/73\/revisions"}],"predecessor-version":[{"id":549,"href":"https:\/\/www.juliedeschoenmaekers.be\/ExamCMS\/wp-json\/wp\/v2\/pages\/73\/revisions\/549"}],"wp:attachment":[{"href":"https:\/\/www.juliedeschoenmaekers.be\/ExamCMS\/wp-json\/wp\/v2\/media?parent=73"}],"curies":[{"name":"wp","href":"https:\/\/api.w.org\/{rel}","templated":true}]}}